{"id":425,"date":"2024-01-20T20:54:50","date_gmt":"2024-01-20T17:54:50","guid":{"rendered":"https:\/\/theme.madsparrow.me\/mokko\/?page_id=425"},"modified":"2026-03-16T14:14:14","modified_gmt":"2026-03-16T14:14:14","slug":"contact-3","status":"publish","type":"page","link":"https:\/\/blackswanmedia.ro\/home\/contact-3\/","title":{"rendered":"Contact 3"},"content":{"rendered":"\t\t<div data-elementor-type=\"wp-page\" data-elementor-id=\"425\" class=\"elementor elementor-425\">\n\t\t\t\t<div class=\"elementor-element elementor-element-80adb3e e-con-full e-flex no e-con e-parent\" data-id=\"80adb3e\" data-element_type=\"container\">\n\t\t<div class=\"elementor-element elementor-element-34a4791 e-con-full e-flex no e-con e-child\" data-id=\"34a4791\" data-element_type=\"container\">\n\t\t\t\t<div class=\"elementor-element elementor-element-056fea0 elementor-widget elementor-widget-ms_text_ticker\" data-id=\"056fea0\" data-element_type=\"widget\" data-widget_type=\"ms_text_ticker.default\">\n\t\t\t\t<div class=\"elementor-widget-container\">\n\t\t\t\t\t        <div class=\"ms-text-ticker\">\r\n            <div id=\"056fea0\" class=\"ms-tt-wrap\" data-speed=\"1\" data-direction=\"left\" data-scroll=\"off\" data-hover=\"slow_down\">\r\n                <div>\r\n\r\n                    <ul class=\"ms-tt\">\r\n\r\n                                                <li class=\"ms-tt__text\">Let's work together&nbsp;<\/li>\r\n                                                            <li class=\"ms-tt__text img\"><img decoding=\"async\" src=\"https:\/\/theme.madsparrow.me\/mokko\/wp-content\/uploads\/2024\/04\/Map-circle-mokko.svg\"\/><\/li>\r\n                                                                                <li class=\"ms-tt__text\">Let's work together&nbsp;<\/li>\r\n                                                            <li class=\"ms-tt__text img\"><img decoding=\"async\" src=\"https:\/\/theme.madsparrow.me\/mokko\/wp-content\/uploads\/2024\/04\/Map-circle-mokko.svg\"\/><\/li>\r\n                                                                                <li class=\"ms-tt__text\">Let's work together&nbsp;<\/li>\r\n                                                            <li class=\"ms-tt__text img\"><img decoding=\"async\" src=\"https:\/\/theme.madsparrow.me\/mokko\/wp-content\/uploads\/2024\/04\/Map-circle-mokko.svg\"\/><\/li>\r\n                                                                                <li class=\"ms-tt__text\">Let's work together&nbsp;<\/li>\r\n                                                            <li class=\"ms-tt__text img\"><img decoding=\"async\" src=\"https:\/\/theme.madsparrow.me\/mokko\/wp-content\/uploads\/2024\/04\/Map-circle-mokko.svg\"\/><\/li>\r\n                                                                                <li class=\"ms-tt__text\">Let's work together&nbsp;<\/li>\r\n                                                            <li class=\"ms-tt__text img\"><img decoding=\"async\" src=\"https:\/\/theme.madsparrow.me\/mokko\/wp-content\/uploads\/2024\/04\/Map-circle-mokko.svg\"\/><\/li>\r\n                                                                                <li class=\"ms-tt__text\">Let's work together&nbsp;<\/li>\r\n                                                            <li class=\"ms-tt__text img\"><img decoding=\"async\" src=\"https:\/\/theme.madsparrow.me\/mokko\/wp-content\/uploads\/2024\/04\/Map-circle-mokko.svg\"\/><\/li>\r\n                                                        \r\n                    <\/ul>\r\n                    \r\n                <\/div>\r\n            <\/div>\r\n        <\/div>\r\n        \t\t\t\t<\/div>\n\t\t\t\t<\/div>\n\t\t\t\t<\/div>\n\t\t\t\t<\/div>\n\t\t<div class=\"elementor-element elementor-element-eb4e87a e-flex e-con-boxed no e-con e-parent\" data-id=\"eb4e87a\" data-element_type=\"container\">\n\t\t\t\t\t<div class=\"e-con-inner\">\n\t\t\t\t<div class=\"elementor-element elementor-element-4293611 elementor-widget elementor-widget-text-editor\" data-id=\"4293611\" data-element_type=\"widget\" data-widget_type=\"text-editor.default\">\n\t\t\t\t\t\t\t\t\t<p data-start=\"0\" data-end=\"49\"><strong data-start=\"0\" data-end=\"49\">Hai s\u0103 construim ceva care chiar performeaz\u0103.<\/strong><\/p><p data-start=\"51\" data-end=\"285\">Black Swan Media lucreaz\u0103 cu branduri care vor impact real \u00een online. Producem con\u021binut video premium, dezvolt\u0103m strategii de social media \u0219i oferim consultan\u021b\u0103 pentru companiile care vor s\u0103 creasc\u0103 prin vizibilitate \u0219i reach organic.<\/p><p data-start=\"287\" data-end=\"429\">Munca noastr\u0103 combin\u0103 storytelling, produc\u021bie video \u0219i o \u00een\u021belegere profund\u0103 a modului \u00een care func\u021bioneaz\u0103 platformele sociale \u0219i algoritmii.<\/p><p data-start=\"431\" data-end=\"549\">Dac\u0103 sunte\u021bi \u00een c\u0103utarea unor clipuri rapide sau a celui mai mic pre\u021b posibil, probabil nu suntem partenerul potrivit.<\/p><p data-start=\"551\" data-end=\"724\">\u00cen schimb, dac\u0103 vre\u021bi s\u0103 construi\u021bi o prezen\u021b\u0103 digital\u0103 puternic\u0103 \u0219i s\u0103 lucra\u021bi cu o echip\u0103 care \u00een\u021belege at\u00e2t con\u021binutul, c\u00e2t \u0219i strategia din spatele lui, ne pute\u021bi scrie.<\/p><p data-start=\"726\" data-end=\"885\">Pentru a putea evalua corect o posibil\u0103 colaborare, v\u0103 rug\u0103m s\u0103 include\u021bi \u00een mesaj c\u00e2teva detalii despre brandul dumneavoastr\u0103 \u0219i obiectivele pe care le ave\u021bi.<\/p><p>\u00a0<\/p><p data-start=\"887\" data-end=\"940\" data-is-last-node=\"\" data-is-only-node=\"\">Ne pute\u021bi contacta la<br data-start=\"908\" data-end=\"911\" \/><strong data-start=\"911\" data-end=\"940\" data-is-last-node=\"\"><a class=\"decorated-link cursor-pointer\" rel=\"noopener\" data-start=\"913\" data-end=\"938\">contact@blackswanmedia.ro<\/a><\/strong><\/p>\t\t\t\t\t\t\t\t<\/div>\n\t\t\t\t\t<\/div>\n\t\t\t\t<\/div>\n\t\t\t\t<\/div>\n\t\t","protected":false},"excerpt":{"rendered":"<p>Let&#8217;s work together&nbsp; Let&#8217;s work together&nbsp; Let&#8217;s work together&nbsp; Let&#8217;s work together&nbsp; Let&#8217;s work together&nbsp; Let&#8217;s work together&nbsp; Hai s\u0103 construim ceva care chiar [&hellip;]<\/p>\n","protected":false},"author":1,"featured_media":0,"parent":0,"menu_order":0,"comment_status":"closed","ping_status":"closed","template":"page-custom.php","meta":{"_acf_changed":false,"footnotes":""},"class_list":["post-425","page","type-page","status-publish","hentry"],"acf":{"choi\u0441e_menu_page":false,"full_width":false,"header_transparent":false,"header_white":false,"menu_type_page":"default","menu_align_page":"default"},"_links":{"self":[{"href":"https:\/\/blackswanmedia.ro\/home\/wp-json\/wp\/v2\/pages\/425","targetHints":{"allow":["GET"]}}],"collection":[{"href":"https:\/\/blackswanmedia.ro\/home\/wp-json\/wp\/v2\/pages"}],"about":[{"href":"https:\/\/blackswanmedia.ro\/home\/wp-json\/wp\/v2\/types\/page"}],"author":[{"embeddable":true,"href":"https:\/\/blackswanmedia.ro\/home\/wp-json\/wp\/v2\/users\/1"}],"replies":[{"embeddable":true,"href":"https:\/\/blackswanmedia.ro\/home\/wp-json\/wp\/v2\/comments?post=425"}],"version-history":[{"count":15,"href":"https:\/\/blackswanmedia.ro\/home\/wp-json\/wp\/v2\/pages\/425\/revisions"}],"predecessor-version":[{"id":4671,"href":"https:\/\/blackswanmedia.ro\/home\/wp-json\/wp\/v2\/pages\/425\/revisions\/4671"}],"wp:attachment":[{"href":"https:\/\/blackswanmedia.ro\/home\/wp-json\/wp\/v2\/media?parent=425"}],"curies":[{"name":"wp","href":"https:\/\/api.w.org\/{rel}","templated":true}]}}